{"id":44873,"date":"2024-01-25T19:42:03","date_gmt":"2024-01-25T19:42:03","guid":{"rendered":"https:\/\/district-central.ca\/working-committees\/mobility\/"},"modified":"2026-03-27T16:06:33","modified_gmt":"2026-03-27T20:06:33","slug":"mobility","status":"publish","type":"page","link":"https:\/\/district-central.ca\/en\/working-committees\/mobility\/","title":{"rendered":"Mobility"},"content":{"rendered":"\r\n<h2>Committee<\/h2>\r\n<span><span><a href=\"https:\/\/district-central.ca\/en\/\">Home<\/a><\/span><\/span>\r\n<p>General objective:<\/p>\r\n<p>Improve accessibility and mobility in the region to reconcile business and social life, by addressing local concerns and implementing innovative solutions.<\/p>\r\n<p>Mandate for 2026 :<\/p>\r\n<ul>\r\n<li>Urban Logistics Project<\/li>\r\n<li>Representing the Business Community &#8211; North-South bike path<\/li>\r\n<li>Impact Report and Alternative Solutions: Overhaul of the STM bus network<\/li>\r\n<li>Pre-feasibility Study: Railway crossing &#8211; Extension of l&#8217;Esplanade<\/li>\r\n<li>Mobilization of the business community<\/li>\r\n<\/ul>\r\n<p>Committee members:<\/p>\r\n<ul>\r\n<li><strong>Carolyn Kelly Dorais<\/strong><br \/>Zarat\u00e9 + Lavigne Architectes<\/li>\r\n<li><strong>Alain Gagn\u00e9<\/strong><br \/>PCI automatisation industrielle<\/li>\r\n<li><strong>Eug\u00e9nie L\u00e9vis<\/strong><br \/>Matelas S\u00e9lection<\/li>\r\n<li><strong>St\u00e9phane Peevers<\/strong><br \/>Transport Actif Qu\u00e9bec<\/li>\r\n<li><strong>Catherine Plouffe<\/strong><br \/>STM<\/li>\r\n<li><strong>Pier-Luc St-Germain<\/strong><br \/>R\u00e9sident<\/li>\r\n<li><strong>Genevi\u00e8ve Dufour<\/strong><br \/>SDC District Central<\/li>\r\n<li><strong>H\u00e9l\u00e8ne Veilleux<\/strong><br \/>SDC District Central<\/li>\r\n<li><strong>Jonathan Villeneuve<\/strong><br \/>Les Ateliers Belleville<\/li>\r\n<\/ul>\r\n<p>&nbsp;<\/p>\r\n<p>Achievements:<\/p>\r\n<ul>\r\n<li>L\u00e9ger &amp; MOBA Surveys &#8211; Impact of the north-south bike path on businesses (2025)<\/li>\r\n<li>Alignment Analysis of planning documents &#8211; Urban logistics (2025)<\/li>\r\n<li>Update of the Urban Mobility Toolkit (2025)<\/li>\r\n<li>Analysis of the District Central PPU project and submission of recommendations (2024)<\/li>\r\n<li>Brief on the vision of sustainable mobility in the District Central (2024)<\/li>\r\n<li>Submission of a brief &#8211; Projet de Plan d&#8217;urbanisme et de mobilit\u00e9 2050 de Montr\u00e9al (2024)<\/li>\r\n<li>Exploratory walk &#8211; Sauv\u00e9 sector (2024)<\/li>\r\n<li>Mobility and traffic study &#8211; Rue Meilleur (2024)<\/li>\r\n<li>Work on routes and signage (District Central Signature Action Plan) (2024)<\/li>\r\n<li>Launch &#8211; 1st shared parking offer, including pilot project on lot 50-150 de Louvain W. (2023)<\/li>\r\n<li>Development of the vision of sustainable mobility in the District Central (2023)<\/li>\r\n<li>Urban Mobility Toolbox launched on the DC website (2023)<\/li>\r\n<li>Recommendations &#8211; New bike path on rue Legendre and De l&#8217;Esplanade (2023)<\/li>\r\n<li>Recommendations &#8211; Three-year plan 2023-2025 of the Ahuntsic-<\/li>\r\n<li>Cartierville local transportation plan (2023)<\/li>\r\n<li>Organization of the Midi de la mobilit\u00e9 event (2024, 2023, 2022 and 2021)<\/li>\r\n<li>Recipient of the &#8220;F\u00e9d\u00e9rateur&#8221; award at the &#8220;Prix Leaders de la mobilit\u00e9 durable des Centres de gestion des d\u00e9placements m\u00e9tropolitains&#8221;. (2022)<\/li>\r\n<li>Pilot project &#8211; Indemnit\u00e9 kilom\u00e9trique V\u00e9lo (mileage allowance for bicycles) (2022)<\/li>\r\n<li>Online campaign to raise employee awareness of sustainable modes of transport (2021-2022)<\/li>\r\n<li>Survey of District Central workers&#8217; travel habits (before, during and intentions following the lockdown) (2021)<\/li>\r\n<li>Recommendations &#8211; Overhaul of the STM&#8217;s public transit service in Montreal (2021)<\/li>\r\n<li>Study of REM connection potential (2020)<\/li>\r\n<li>Development of an action plan (2020)<\/li>\r\n<li>Profile &#8211; Off-street parking study (2019-2020)<\/li>\r\n<li>Improved bus service (2019)<\/li>\r\n<li>Arrival of the first Bixi stations (2019)<\/li>\r\n<li>Recommendations &#8211; Local transportation plan for Ahuntsic-<\/li>\r\n<li>Cartierville 2020-2022 (2018-2019)<\/li>\r\n<li>Organization of the V\u00e9lo-f\u00eate event (2018 et 2019)<\/li>\r\n<li>Organization of Park(ing) Day events (2018 and 2019)<\/li>\r\n<li>Interactive cartography for the District Central website (2018)<\/li>\r\n<li>Survey on travel habits on the District Central SDC territory (2017)<\/li>\r\n<\/ul>\r\n<h2><a href=\"https:\/\/district-central.ca\/en\/contacte-nous\/\">Contact us to get involved &gt;&gt;<\/a><\/h2>\r\n","protected":false},"excerpt":{"rendered":"<p>Committee General objective: Improve accessibility and mobility in the region to reconcile business and social life, by addressing local concerns and implementing innovative solutions. Mandate for 2026 : Urban Logistics Project Representing the Business Community &#8211; North-South bike path Impact Report and Alternative Solutions: Overhaul of the STM bus network Pre-feasibility Study: Railway crossing &#8211; Extension of l&#8217;Esplanade Mobilization of the business community Committee members: Carolyn Kelly DoraisZarat\u00e9 + Lavigne&hellip;<\/p>\n","protected":false},"author":9,"featured_media":0,"parent":44717,"menu_order":0,"comment_status":"closed","ping_status":"closed","template":"","meta":{"ub_ctt_via":""},"featured_image_src":null,"acf":[],"yoast_head":"<!-- This site is optimized with the Yoast SEO plugin v19.12 - https:\/\/yoast.com\/wordpress\/plugins\/seo\/ -->\n<title>Mobility - District Central<\/title>\n<meta name=\"robots\" content=\"index, follow, max-snippet:-1, max-image-preview:large, max-video-preview:-1\" \/>\n<link rel=\"canonical\" href=\"https:\/\/district-central.ca\/en\/working-committees\/mobility\/\" \/>\n<meta property=\"og:locale\" content=\"en_US\" \/>\n<meta property=\"og:type\" content=\"article\" \/>\n<meta property=\"og:title\" content=\"Mobility - District Central\" \/>\n<meta property=\"og:description\" content=\"Committee General objective: Improve accessibility and mobility in the region to reconcile business and social life, by addressing local concerns and implementing innovative solutions. Mandate for 2026 : Urban Logistics Project Representing the Business Community &#8211; North-South bike path Impact Report and Alternative Solutions: Overhaul of the STM bus network Pre-feasibility Study: Railway crossing &#8211; Extension of l&#8217;Esplanade Mobilization of the business community Committee members: Carolyn Kelly DoraisZarat\u00e9 + Lavigne&hellip;\" \/>\n<meta property=\"og:url\" content=\"https:\/\/district-central.ca\/en\/working-committees\/mobility\/\" \/>\n<meta property=\"og:site_name\" content=\"District Central\" \/>\n<meta property=\"article:modified_time\" content=\"2026-03-27T20:06:33+00:00\" \/>\n<meta name=\"twitter:card\" content=\"summary_large_image\" \/>\n<script type=\"application\/ld+json\" class=\"yoast-schema-graph\">{\"@context\":\"https:\/\/schema.org\",\"@graph\":[{\"@type\":\"WebPage\",\"@id\":\"https:\/\/district-central.ca\/en\/working-committees\/mobility\/\",\"url\":\"https:\/\/district-central.ca\/en\/working-committees\/mobility\/\",\"name\":\"Mobility - District Central\",\"isPartOf\":{\"@id\":\"https:\/\/district-central.ca\/#website\"},\"datePublished\":\"2024-01-25T19:42:03+00:00\",\"dateModified\":\"2026-03-27T20:06:33+00:00\",\"breadcrumb\":{\"@id\":\"https:\/\/district-central.ca\/en\/working-committees\/mobility\/#breadcrumb\"},\"inLanguage\":\"en-US\",\"potentialAction\":[{\"@type\":\"ReadAction\",\"target\":[\"https:\/\/district-central.ca\/en\/working-committees\/mobility\/\"]}]},{\"@type\":\"BreadcrumbList\",\"@id\":\"https:\/\/district-central.ca\/en\/working-committees\/mobility\/#breadcrumb\",\"itemListElement\":[{\"@type\":\"ListItem\",\"position\":1,\"name\":\"Home\",\"item\":\"https:\/\/district-central.ca\/en\/\"},{\"@type\":\"ListItem\",\"position\":2,\"name\":\"Working committees\",\"item\":\"https:\/\/district-central.ca\/en\/working-committees\/\"},{\"@type\":\"ListItem\",\"position\":3,\"name\":\"Mobility\"}]},{\"@type\":\"WebSite\",\"@id\":\"https:\/\/district-central.ca\/#website\",\"url\":\"https:\/\/district-central.ca\/\",\"name\":\"District Central\",\"description\":\"District Central\",\"publisher\":{\"@id\":\"https:\/\/district-central.ca\/#organization\"},\"potentialAction\":[{\"@type\":\"SearchAction\",\"target\":{\"@type\":\"EntryPoint\",\"urlTemplate\":\"https:\/\/district-central.ca\/?s={search_term_string}\"},\"query-input\":\"required name=search_term_string\"}],\"inLanguage\":\"en-US\"},{\"@type\":\"Organization\",\"@id\":\"https:\/\/district-central.ca\/#organization\",\"name\":\"District Central\",\"url\":\"https:\/\/district-central.ca\/\",\"logo\":{\"@type\":\"ImageObject\",\"inLanguage\":\"en-US\",\"@id\":\"https:\/\/district-central.ca\/#\/schema\/logo\/image\/\",\"url\":\"https:\/\/district-central.ca\/wp-content\/uploads\/2019\/04\/ilsontok.jpg\",\"contentUrl\":\"https:\/\/district-central.ca\/wp-content\/uploads\/2019\/04\/ilsontok.jpg\",\"width\":1000,\"height\":1000,\"caption\":\"District Central\"},\"image\":{\"@id\":\"https:\/\/district-central.ca\/#\/schema\/logo\/image\/\"}}]}<\/script>\n<!-- \/ Yoast SEO plugin. -->","yoast_head_json":{"title":"Mobility - District Central","robots":{"index":"index","follow":"follow","max-snippet":"max-snippet:-1","max-image-preview":"max-image-preview:large","max-video-preview":"max-video-preview:-1"},"canonical":"https:\/\/district-central.ca\/en\/working-committees\/mobility\/","og_locale":"en_US","og_type":"article","og_title":"Mobility - District Central","og_description":"Committee General objective: Improve accessibility and mobility in the region to reconcile business and social life, by addressing local concerns and implementing innovative solutions. Mandate for 2026 : Urban Logistics Project Representing the Business Community &#8211; North-South bike path Impact Report and Alternative Solutions: Overhaul of the STM bus network Pre-feasibility Study: Railway crossing &#8211; Extension of l&#8217;Esplanade Mobilization of the business community Committee members: Carolyn Kelly DoraisZarat\u00e9 + Lavigne&hellip;","og_url":"https:\/\/district-central.ca\/en\/working-committees\/mobility\/","og_site_name":"District Central","article_modified_time":"2026-03-27T20:06:33+00:00","twitter_card":"summary_large_image","schema":{"@context":"https:\/\/schema.org","@graph":[{"@type":"WebPage","@id":"https:\/\/district-central.ca\/en\/working-committees\/mobility\/","url":"https:\/\/district-central.ca\/en\/working-committees\/mobility\/","name":"Mobility - District Central","isPartOf":{"@id":"https:\/\/district-central.ca\/#website"},"datePublished":"2024-01-25T19:42:03+00:00","dateModified":"2026-03-27T20:06:33+00:00","breadcrumb":{"@id":"https:\/\/district-central.ca\/en\/working-committees\/mobility\/#breadcrumb"},"inLanguage":"en-US","potentialAction":[{"@type":"ReadAction","target":["https:\/\/district-central.ca\/en\/working-committees\/mobility\/"]}]},{"@type":"BreadcrumbList","@id":"https:\/\/district-central.ca\/en\/working-committees\/mobility\/#breadcrumb","itemListElement":[{"@type":"ListItem","position":1,"name":"Home","item":"https:\/\/district-central.ca\/en\/"},{"@type":"ListItem","position":2,"name":"Working committees","item":"https:\/\/district-central.ca\/en\/working-committees\/"},{"@type":"ListItem","position":3,"name":"Mobility"}]},{"@type":"WebSite","@id":"https:\/\/district-central.ca\/#website","url":"https:\/\/district-central.ca\/","name":"District Central","description":"District Central","publisher":{"@id":"https:\/\/district-central.ca\/#organization"},"potentialAction":[{"@type":"SearchAction","target":{"@type":"EntryPoint","urlTemplate":"https:\/\/district-central.ca\/?s={search_term_string}"},"query-input":"required name=search_term_string"}],"inLanguage":"en-US"},{"@type":"Organization","@id":"https:\/\/district-central.ca\/#organization","name":"District Central","url":"https:\/\/district-central.ca\/","logo":{"@type":"ImageObject","inLanguage":"en-US","@id":"https:\/\/district-central.ca\/#\/schema\/logo\/image\/","url":"https:\/\/district-central.ca\/wp-content\/uploads\/2019\/04\/ilsontok.jpg","contentUrl":"https:\/\/district-central.ca\/wp-content\/uploads\/2019\/04\/ilsontok.jpg","width":1000,"height":1000,"caption":"District Central"},"image":{"@id":"https:\/\/district-central.ca\/#\/schema\/logo\/image\/"}}]}},"_links":{"self":[{"href":"https:\/\/district-central.ca\/en\/wp-json\/wp\/v2\/pages\/44873"}],"collection":[{"href":"https:\/\/district-central.ca\/en\/wp-json\/wp\/v2\/pages"}],"about":[{"href":"https:\/\/district-central.ca\/en\/wp-json\/wp\/v2\/types\/page"}],"author":[{"embeddable":true,"href":"https:\/\/district-central.ca\/en\/wp-json\/wp\/v2\/users\/9"}],"replies":[{"embeddable":true,"href":"https:\/\/district-central.ca\/en\/wp-json\/wp\/v2\/comments?post=44873"}],"version-history":[{"count":10,"href":"https:\/\/district-central.ca\/en\/wp-json\/wp\/v2\/pages\/44873\/revisions"}],"predecessor-version":[{"id":55380,"href":"https:\/\/district-central.ca\/en\/wp-json\/wp\/v2\/pages\/44873\/revisions\/55380"}],"up":[{"embeddable":true,"href":"https:\/\/district-central.ca\/en\/wp-json\/wp\/v2\/pages\/44717"}],"wp:attachment":[{"href":"https:\/\/district-central.ca\/en\/wp-json\/wp\/v2\/media?parent=44873"}],"curies":[{"name":"wp","href":"https:\/\/api.w.org\/{rel}","templated":true}]}}