{"id":44868,"date":"2024-01-25T19:32:27","date_gmt":"2024-01-25T19:32:27","guid":{"rendered":"https:\/\/district-central.ca\/working-committees\/builders\/"},"modified":"2026-03-27T16:25:33","modified_gmt":"2026-03-27T20:25:33","slug":"builders","status":"publish","type":"page","link":"https:\/\/district-central.ca\/en\/working-committees\/builders\/","title":{"rendered":"Builders"},"content":{"rendered":"\r\n<h1>Builders<\/h1>\r\n<h2>Committee<\/h2>\r\n<span><span><a href=\"https:\/\/district-central.ca\/en\/\">Home<\/a><\/span><\/span>\r\n<p>General objective:<\/p>\r\n<p>Working with property owners to co-develop the area, the Builders&#8217; Program aims to consolidate actions, efforts and investments to make the District Central a dynamic and attractive living environment.<\/p>\r\n<p>Current Mandates :<\/p>\r\n<ul>\r\n<li>Deployment of &#8220;Signature&#8221; interventions<\/li>\r\n<li>Matching supply and demand for commercial space in District Central<\/li>\r\n<li>Developing the neighborhood&#8217;s attractiveness<\/li>\r\n<li>Mobilizing the real estate community<\/li>\r\n<\/ul>\r\n<p>Committee members:<\/p>\r\n<ul>\r\n<li><strong>N\u00e9r\u00e9e Arsenault<\/strong><br \/>Immeubles N\u00e9rik<\/li>\r\n<li><strong>Simon Berman<\/strong><br \/>Clickspace<\/li>\r\n<li><strong>Michel Caumartin<\/strong><br \/>Quadreal-March\u00e9 Central<\/li>\r\n<li><strong>Eyal Cohen<\/strong><br \/>Marcarko-555 Chabanel<\/li>\r\n<li><strong>Albert Ezerzer<\/strong><br \/>Groupe Dayan<\/li>\r\n<li><strong>Fr\u00e9d\u00e9rick Lizotte<\/strong><br \/>AEDN Realty<\/li>\r\n<li><strong>Howard Szalavetz<\/strong><br \/>Les Immeubles HS<\/li>\r\n<li><strong>\u00c9rik Tremblay<\/strong><br \/>Immeubles N\u00e9rik<\/li>\r\n<li><strong>Marie-Claude Breault<\/strong><br \/>SDC District Central<\/li>\r\n<li><strong>Genevi\u00e8ve Dufour<\/strong><br \/>SDC District Central<\/li>\r\n<li><strong>H\u00e9l\u00e8ne Veilleux<\/strong><br \/>SDC District Central<\/li>\r\n<\/ul>\r\n<p>&nbsp;<\/p>\r\n<p>Achievements:<\/p>\r\n<ul>\r\n<li>Deployment of &#8220;Signature&#8221; interventions:\r\n<ul>\r\n<li>L&#8217;Oasis Alleyway &#8211; Interstice between 333 and 433 Chabanel W. (2025)<\/li>\r\n<li><em>Infinities<\/em> artwork &#8211; ANIMA residential project (2024)<\/li>\r\n<\/ul>\r\n<\/li>\r\n<li>Participation in the Montreal of the Future exhibition (2025)<\/li>\r\n<li>Building occupancy rates (2025)<\/li>\r\n<li>List of real estate brokers active in the territory (2025)<\/li>\r\n<li>Property Tax Workshop (2024)<\/li>\r\n<li>District Central Real Estate Forum (2024)<\/li>\r\n<li>District Central Real Estate Cocktail (2024)<\/li>\r\n<li>Real Estate Guides (2023)<\/li>\r\n<li>District Central Real Estate Cocktail (2023)<\/li>\r\n<li>Inventory and description of real estate supply (2023)<\/li>\r\n<li>Launch of a new shared parking offer in District Central (2023)<\/li>\r\n<li>Participation in the Montr\u00e9al du Futur exhibit (2023)<\/li>\r\n<li>District Central real estate event &#8221; Le nouveau visage de Montr\u00e9al, c&#8217;est ici &#8221; (2022)<\/li>\r\n<li>District Central outreach campaign (2022)<\/li>\r\n<li>Collaborative processes to connect supply and demand (2021)<\/li>\r\n<\/ul>\r\n<h2><a href=\"https:\/\/district-central.ca\/en\/contacte-nous\/\">Contact us to get involved &gt;&gt;<\/a><\/h2>\r\n","protected":false},"excerpt":{"rendered":"<p>Builders Committee General objective: Working with property owners to co-develop the area, the Builders&#8217; Program aims to consolidate actions, efforts and investments to make the District Central a dynamic and attractive living environment. Current Mandates : Deployment of &#8220;Signature&#8221; interventions Matching supply and demand for commercial space in District Central Developing the neighborhood&#8217;s attractiveness Mobilizing the real estate community Committee members: N\u00e9r\u00e9e ArsenaultImmeubles N\u00e9rik Simon BermanClickspace Michel CaumartinQuadreal-March\u00e9 Central Eyal&hellip;<\/p>\n","protected":false},"author":9,"featured_media":0,"parent":44717,"menu_order":0,"comment_status":"closed","ping_status":"closed","template":"","meta":{"ub_ctt_via":""},"featured_image_src":null,"acf":[],"yoast_head":"<!-- This site is optimized with the Yoast SEO plugin v19.12 - https:\/\/yoast.com\/wordpress\/plugins\/seo\/ -->\n<title>Builders - District Central<\/title>\n<meta name=\"robots\" content=\"index, follow, max-snippet:-1, max-image-preview:large, max-video-preview:-1\" \/>\n<link rel=\"canonical\" href=\"https:\/\/district-central.ca\/en\/working-committees\/builders\/\" \/>\n<meta property=\"og:locale\" content=\"en_US\" \/>\n<meta property=\"og:type\" content=\"article\" \/>\n<meta property=\"og:title\" content=\"Builders - District Central\" \/>\n<meta property=\"og:description\" content=\"Builders Committee General objective: Working with property owners to co-develop the area, the Builders&#8217; Program aims to consolidate actions, efforts and investments to make the District Central a dynamic and attractive living environment. Current Mandates : Deployment of &#8220;Signature&#8221; interventions Matching supply and demand for commercial space in District Central Developing the neighborhood&#8217;s attractiveness Mobilizing the real estate community Committee members: N\u00e9r\u00e9e ArsenaultImmeubles N\u00e9rik Simon BermanClickspace Michel CaumartinQuadreal-March\u00e9 Central Eyal&hellip;\" \/>\n<meta property=\"og:url\" content=\"https:\/\/district-central.ca\/en\/working-committees\/builders\/\" \/>\n<meta property=\"og:site_name\" content=\"District Central\" \/>\n<meta property=\"article:modified_time\" content=\"2026-03-27T20:25:33+00:00\" \/>\n<meta name=\"twitter:card\" content=\"summary_large_image\" \/>\n<script type=\"application\/ld+json\" class=\"yoast-schema-graph\">{\"@context\":\"https:\/\/schema.org\",\"@graph\":[{\"@type\":\"WebPage\",\"@id\":\"https:\/\/district-central.ca\/en\/working-committees\/builders\/\",\"url\":\"https:\/\/district-central.ca\/en\/working-committees\/builders\/\",\"name\":\"Builders - District Central\",\"isPartOf\":{\"@id\":\"https:\/\/district-central.ca\/#website\"},\"datePublished\":\"2024-01-25T19:32:27+00:00\",\"dateModified\":\"2026-03-27T20:25:33+00:00\",\"breadcrumb\":{\"@id\":\"https:\/\/district-central.ca\/en\/working-committees\/builders\/#breadcrumb\"},\"inLanguage\":\"en-US\",\"potentialAction\":[{\"@type\":\"ReadAction\",\"target\":[\"https:\/\/district-central.ca\/en\/working-committees\/builders\/\"]}]},{\"@type\":\"BreadcrumbList\",\"@id\":\"https:\/\/district-central.ca\/en\/working-committees\/builders\/#breadcrumb\",\"itemListElement\":[{\"@type\":\"ListItem\",\"position\":1,\"name\":\"Home\",\"item\":\"https:\/\/district-central.ca\/en\/\"},{\"@type\":\"ListItem\",\"position\":2,\"name\":\"Working committees\",\"item\":\"https:\/\/district-central.ca\/en\/working-committees\/\"},{\"@type\":\"ListItem\",\"position\":3,\"name\":\"Builders\"}]},{\"@type\":\"WebSite\",\"@id\":\"https:\/\/district-central.ca\/#website\",\"url\":\"https:\/\/district-central.ca\/\",\"name\":\"District Central\",\"description\":\"District Central\",\"publisher\":{\"@id\":\"https:\/\/district-central.ca\/#organization\"},\"potentialAction\":[{\"@type\":\"SearchAction\",\"target\":{\"@type\":\"EntryPoint\",\"urlTemplate\":\"https:\/\/district-central.ca\/?s={search_term_string}\"},\"query-input\":\"required name=search_term_string\"}],\"inLanguage\":\"en-US\"},{\"@type\":\"Organization\",\"@id\":\"https:\/\/district-central.ca\/#organization\",\"name\":\"District Central\",\"url\":\"https:\/\/district-central.ca\/\",\"logo\":{\"@type\":\"ImageObject\",\"inLanguage\":\"en-US\",\"@id\":\"https:\/\/district-central.ca\/#\/schema\/logo\/image\/\",\"url\":\"https:\/\/district-central.ca\/wp-content\/uploads\/2019\/04\/ilsontok.jpg\",\"contentUrl\":\"https:\/\/district-central.ca\/wp-content\/uploads\/2019\/04\/ilsontok.jpg\",\"width\":1000,\"height\":1000,\"caption\":\"District Central\"},\"image\":{\"@id\":\"https:\/\/district-central.ca\/#\/schema\/logo\/image\/\"}}]}<\/script>\n<!-- \/ Yoast SEO plugin. -->","yoast_head_json":{"title":"Builders - District Central","robots":{"index":"index","follow":"follow","max-snippet":"max-snippet:-1","max-image-preview":"max-image-preview:large","max-video-preview":"max-video-preview:-1"},"canonical":"https:\/\/district-central.ca\/en\/working-committees\/builders\/","og_locale":"en_US","og_type":"article","og_title":"Builders - District Central","og_description":"Builders Committee General objective: Working with property owners to co-develop the area, the Builders&#8217; Program aims to consolidate actions, efforts and investments to make the District Central a dynamic and attractive living environment. Current Mandates : Deployment of &#8220;Signature&#8221; interventions Matching supply and demand for commercial space in District Central Developing the neighborhood&#8217;s attractiveness Mobilizing the real estate community Committee members: N\u00e9r\u00e9e ArsenaultImmeubles N\u00e9rik Simon BermanClickspace Michel CaumartinQuadreal-March\u00e9 Central Eyal&hellip;","og_url":"https:\/\/district-central.ca\/en\/working-committees\/builders\/","og_site_name":"District Central","article_modified_time":"2026-03-27T20:25:33+00:00","twitter_card":"summary_large_image","schema":{"@context":"https:\/\/schema.org","@graph":[{"@type":"WebPage","@id":"https:\/\/district-central.ca\/en\/working-committees\/builders\/","url":"https:\/\/district-central.ca\/en\/working-committees\/builders\/","name":"Builders - District Central","isPartOf":{"@id":"https:\/\/district-central.ca\/#website"},"datePublished":"2024-01-25T19:32:27+00:00","dateModified":"2026-03-27T20:25:33+00:00","breadcrumb":{"@id":"https:\/\/district-central.ca\/en\/working-committees\/builders\/#breadcrumb"},"inLanguage":"en-US","potentialAction":[{"@type":"ReadAction","target":["https:\/\/district-central.ca\/en\/working-committees\/builders\/"]}]},{"@type":"BreadcrumbList","@id":"https:\/\/district-central.ca\/en\/working-committees\/builders\/#breadcrumb","itemListElement":[{"@type":"ListItem","position":1,"name":"Home","item":"https:\/\/district-central.ca\/en\/"},{"@type":"ListItem","position":2,"name":"Working committees","item":"https:\/\/district-central.ca\/en\/working-committees\/"},{"@type":"ListItem","position":3,"name":"Builders"}]},{"@type":"WebSite","@id":"https:\/\/district-central.ca\/#website","url":"https:\/\/district-central.ca\/","name":"District Central","description":"District Central","publisher":{"@id":"https:\/\/district-central.ca\/#organization"},"potentialAction":[{"@type":"SearchAction","target":{"@type":"EntryPoint","urlTemplate":"https:\/\/district-central.ca\/?s={search_term_string}"},"query-input":"required name=search_term_string"}],"inLanguage":"en-US"},{"@type":"Organization","@id":"https:\/\/district-central.ca\/#organization","name":"District Central","url":"https:\/\/district-central.ca\/","logo":{"@type":"ImageObject","inLanguage":"en-US","@id":"https:\/\/district-central.ca\/#\/schema\/logo\/image\/","url":"https:\/\/district-central.ca\/wp-content\/uploads\/2019\/04\/ilsontok.jpg","contentUrl":"https:\/\/district-central.ca\/wp-content\/uploads\/2019\/04\/ilsontok.jpg","width":1000,"height":1000,"caption":"District Central"},"image":{"@id":"https:\/\/district-central.ca\/#\/schema\/logo\/image\/"}}]}},"_links":{"self":[{"href":"https:\/\/district-central.ca\/en\/wp-json\/wp\/v2\/pages\/44868"}],"collection":[{"href":"https:\/\/district-central.ca\/en\/wp-json\/wp\/v2\/pages"}],"about":[{"href":"https:\/\/district-central.ca\/en\/wp-json\/wp\/v2\/types\/page"}],"author":[{"embeddable":true,"href":"https:\/\/district-central.ca\/en\/wp-json\/wp\/v2\/users\/9"}],"replies":[{"embeddable":true,"href":"https:\/\/district-central.ca\/en\/wp-json\/wp\/v2\/comments?post=44868"}],"version-history":[{"count":7,"href":"https:\/\/district-central.ca\/en\/wp-json\/wp\/v2\/pages\/44868\/revisions"}],"predecessor-version":[{"id":55385,"href":"https:\/\/district-central.ca\/en\/wp-json\/wp\/v2\/pages\/44868\/revisions\/55385"}],"up":[{"embeddable":true,"href":"https:\/\/district-central.ca\/en\/wp-json\/wp\/v2\/pages\/44717"}],"wp:attachment":[{"href":"https:\/\/district-central.ca\/en\/wp-json\/wp\/v2\/media?parent=44868"}],"curies":[{"name":"wp","href":"https:\/\/api.w.org\/{rel}","templated":true}]}}