{"id":43377,"date":"2023-09-29T16:41:12","date_gmt":"2023-09-29T16:41:12","guid":{"rendered":"https:\/\/district-central.ca\/privacy-policy\/"},"modified":"2023-10-02T14:04:42","modified_gmt":"2023-10-02T14:04:42","slug":"privacy-policy","status":"publish","type":"page","link":"https:\/\/district-central.ca\/en\/privacy-policy\/","title":{"rendered":"Privacy policy"},"content":{"rendered":"\n<h1>\n\t\tPrivacy policy\n\t<\/h1>\n\t<p><strong>The <em>Soci\u00e9t\u00e9 de D\u00e9veloppement Commercial (SDC) District Central<\/em> is an organization that values your privacy and the protection of your personal information.<\/strong><\/p>\n<p>This Privacy Policy is designed to inform you of our practices for the collection, use, disclosure, destruction, and retention of personal information.<\/p>\n<p>As part of our operations, we collect, use and process personal information for the purpose of providing our services.<\/p>\n<p>By providing us with personal information (through our websites, by email, in person or by telephone), you consent to the processing of your personal information as set out in this Policy,\u00a0 and you authorize the <em>SDC District Central<\/em> and its service providers to process your personal information for the purposes set out below.<\/p>\n<h3>\n\t\t1. Who we are and what we do \n\t<\/h3>\n\t<p>The Soci\u00e9t\u00e9 de D\u00e9veloppement Commercial (SDC) District Central wishes to harmonize the business world by creating bridges between the various communities working and living in the District Central neighbourhood.<\/p>\n<h3>\n\t\t2. What personal information do we collect?\n\t<\/h3>\n\t<p>As part of our services, when you visit our websites <a href=\"http:\/\/www.metamorphose.district-central.ca\">www.metamorphose.district-central.ca<\/a> and <a href=\"http:\/\/www.district-central.ca\">www.district-central.ca<\/a> and when you communicate with us in other ways, we may collect and process various types of personal information about you, including:<\/p>\n<ul>\n<li>Personal details such as first and last name;<\/li>\n<li>Contact information (mailing address, email address and telephone number);<\/li>\n<li>Communication preferences (spoken language);<\/li>\n<li>Any other information voluntarily provided to us by email.<\/li>\n<\/ul>\n<p>If you are under the age of 14, you should not provide us with any confidential information without the express consent of a parent or guardian.<\/p>\n<h3>\n\t\t3. How do we collect your personal information?\n\t<\/h3>\n\t<p>We collect your personal information in a number of ways:<\/p>\n<ul>\n<li>Directly from you during meetings at our offices or workplace visits;<\/li>\n<li>By digital means (telephone, email, fax);<\/li>\n<li>When you subscribe to our newsletter via our websites; and,<\/li>\n<li>When you request information via our contact form on our websites.<\/li>\n<\/ul>\n<h3>\n\t\t4. How do we use your personal information?\n\t<\/h3>\n\t<p>Your personal information will be used in accordance with applicable privacy legislation and only in ways to which you have consented.<\/p>\n<p>We may use your personal information in any of the following ways and for the purposes indicated, in accordance with the framework provided below:<\/p>\n<ul>\n<li>To provide our services and for the proper conduct of our business, to administer and perform these services;\u00a0<\/li>\n<li>To respond to the requests for information from visitors to our sites;<\/li>\n<li>To send our newsletter and invitations to events where a person has opted to receive such communications (they may unsubscribe at any time); and,<\/li>\n<li>To ensure compliance with our legal, regulatory and applicable risk management obligations.<\/li>\n<\/ul>\n<p>We will use personal information only to achieve the primary purpose for which it was collected and for purposes that are legitimate and consistent with the said primary purpose.<\/p>\n<h3>\n\t\t5. With whom do we share personal information?\n\t<\/h3>\n\t<p>Note that your personal information may be shared with (in addition to our employees) certain third parties, such as:<\/p>\n<ul>\n<li>Third-party service providers and\/or partners who help us establish, manage, and maintain our relationship with you and provide us with products and services. These third parties may access or process personal information in connection with the services they provide to us. We limit the information we provide to these service providers to that which is reasonably necessary for them to perform their functions, and our written contracts with these service providers require them to take reasonable and lawful steps to maintain the confidentiality of such information.<\/li>\n<li>Governmental, regulatory or law enforcement agencies when we are required to disclose such information or if we believe in good faith that such disclosure is necessary to comply with applicable laws.<\/li>\n<\/ul>\n<h3>\n\t\t6. How long do we keep personal information?\n\t<\/h3>\n\t<p>We will retain personal information only as long as necessary to fulfill the purposes for which the personal information was communicated to us and for all compatible or related authorized purposes.<\/p>\n<p>We will cease using and storing your personal information once the intended purposes have been accomplished, all subject to the application of legal or regulatory retention periods.<\/p>\n<h3>\n\t\t7. Where do we store personal information or international transfers?\n\t<\/h3>\n\t<p>Your personal information is only intended for persons or entities established in Quebec. Your information is, thus, hosted on our servers and\/or those of our IT service provider located in Quebec.<\/p>\n<p>However, some of our service providers are located in other countries (i.e. France and the United States). You therefore agree to the transfer of your personal information to countries or provinces other than your province of residence where the rules governing the protection of personal information may be different.<\/p>\n<p>Nonetheless, we ensure that these providers provide adequate protection in accordance with generally accepted industry standards to protect personal information.<\/p>\n<h3>\n\t\t8.  How do we protect personal information?\n\t<\/h3>\n\t<p>We recognize that the security of information is an integral part of the confidentiality of personal information.<\/p>\n<p>We follow generally accepted industry standards to protect the information submitted to us in accordance with applicable privacy legislation.<\/p>\n<p>As such, we maintain reasonable physical, technical, or procedural safeguards to protect your personal information against the unlawful consultation, use, disclosure and destruction and any other privacy breach that does not comply with applicable legislation.<\/p>\n<p>All member of the <em>SDC District Central<\/em> and third-party suppliers whose service we may retain and who process personal information on our behalf are also contractually bound to respect the confidentiality of your personal information.<\/p>\n<h3>\n\t\t9. Links to other sites\n\t<\/h3>\n\t<p><em>SDC District Central <\/em>websites may contain hyperlinks to other sites. Information exchanged on these sites is not subject to this Privacy Policy, but to that of the external site concerned if one exists. We encourage you to consult that site&#8217;s privacy policy before disclosing your personal information to third parties.<\/p>\n<h3>\n\t\t 10.\tWhat are your rights regarding your personal information? \n\t<\/h3>\n<h4>\n\t\t 10.1 Rights of access, correction, or withdrawal of consent\n\t<\/h4>\n\tTo access your personal information, to request a modification of your personal information or to withdraw your consent to the disclosure or use of your personal information, you must submit a written request to the privacy officer at the SDC District Central (contact information is provided at the end of this Policy).<br \/>\nA correction request must be particularly precise and correctly identify you to allow the SDC District Central to correct or adequately complete the personal information deemed incorrect or incomplete.<br \/>\nA request for the withdrawal of consent will result in the termination of services offered by the SDC District Central for the person concerned.\n<h4>\n\t\t10.2 Processing of requests\n\t<\/h4>\n\t<p>The <em>SDC District Central<\/em> will respond to requests for access, correction, or withdrawal of consent within 30 days, in accordance with the timelines prescribed by the Private Sector Privacy Act.<\/p>\n<p>Any necessary assistance shall be reasonably provided to persons concerned who want to gain access to their personal information or correct this information, including clarifying exactly what they are looking for.<\/p>\n<p>Depending on the amount of information requested in an access request, a nominal fee may reasonably be charged to cover the cost of responding to the request.<\/p>\n<p>Written notification shall be provided if the <em>SDC District Central<\/em> must deny a person access to their personal information for legal, regulatory, or other reasons.<\/p>\n<h4>\n\t\t10.3 Your recourse before the Commission d&#8217;Acc\u00e8s \u00e0 l&#8217;Information\n\t<\/h4>\n\t<p>If you are not satisfied with how the <em>SDC District Central<\/em> treated your request for access or the rectification of your personal information, in particular in the event of no response or an unsatisfactory response, you can submit a request to examine a disagreement to the <em>Commission d&#8217;Acc\u00e8s \u00e0 l&#8217;Information<\/em>.<\/p>\n<h3>\n\t\t11. How do we use cookies?\n\t<\/h3>\n\t<p>When you use our websites, we may set a &#8220;cookie&#8221; on your computer. Cookies are small data files created by your web browser and placed on your computer. These cookies can have several functions, including improving the operation of our website.<\/p>\n<p>You can obtain more information about the cookies we use when you log on to one of our websites for the first time, a log-in banner informs your that cookies are used and invites to accept or reject cookies that are not essential to your navigation on our websites.<\/p>\n<p>You can configure your preferences and modify your choices at any time during your subsequent visits to our websites.<\/p>\n<h3>\n\t\t12.  How to communicate with us?\n\t<\/h3>\n\t<p>If you have any questions or comments about this Privacy Policy or your personal information, or if you wish to exercise your rights, please contact the privacy officer by email or by mail at the following address:<\/p>\n<strong>SDC DISTRICT CENTRAL<br \/>\n<\/strong>To the attention of the Privacy Officer\u00a0<em><br \/>\n<\/em>555 rue Chabanel Ouest, Suite R02A<br \/>\nMontr\u00e9al (Qu\u00e9bec) Canada H2N 2H7<br \/>\n<a href=\"mailto:RPRP@district-central.ca\"><strong>RPRP@district-central.ca<\/strong><\/a><strong> \u00a0<\/strong>\n<h3>\n\t\t13. How do we update this Privacy Policy?\n\t<\/h3>\n\t<p>We may change the content of our websites and our use of cookies without notice and, therefore, this Policy and site cookies can be modified at any time.<\/p>\n<p>We therefore encourage you to regularly visit our websites to stay informed about how we treat your personal information.<\/p>\n\t<p><strong>Last update<\/strong>: September 22, 2023<\/p>\n\n","protected":false},"excerpt":{"rendered":"<p>Privacy policy The Soci\u00e9t\u00e9 de D\u00e9veloppement Commercial (SDC) District Central is an organization that values your privacy and the protection of your personal information. This Privacy Policy is designed to inform you of our practices for the collection, use, disclosure, destruction, and retention of personal information. As part of our operations, we collect, use and process personal information for the purpose of providing our services. By providing us with personal&hellip;<\/p>\n","protected":false},"author":9,"featured_media":0,"parent":0,"menu_order":0,"comment_status":"closed","ping_status":"closed","template":"","meta":{"ub_ctt_via":""},"featured_image_src":null,"acf":[],"yoast_head":"<!-- This site is optimized with the Yoast SEO plugin v19.12 - https:\/\/yoast.com\/wordpress\/plugins\/seo\/ -->\n<title>Privacy policy - District Central<\/title>\n<meta name=\"robots\" content=\"index, follow, max-snippet:-1, max-image-preview:large, max-video-preview:-1\" \/>\n<link rel=\"canonical\" href=\"https:\/\/district-central.ca\/en\/privacy-policy\/\" \/>\n<meta property=\"og:locale\" content=\"en_US\" \/>\n<meta property=\"og:type\" content=\"article\" \/>\n<meta property=\"og:title\" content=\"Privacy policy - District Central\" \/>\n<meta property=\"og:description\" content=\"Privacy policy The Soci\u00e9t\u00e9 de D\u00e9veloppement Commercial (SDC) District Central is an organization that values your privacy and the protection of your personal information. This Privacy Policy is designed to inform you of our practices for the collection, use, disclosure, destruction, and retention of personal information. As part of our operations, we collect, use and process personal information for the purpose of providing our services. By providing us with personal&hellip;\" \/>\n<meta property=\"og:url\" content=\"https:\/\/district-central.ca\/en\/privacy-policy\/\" \/>\n<meta property=\"og:site_name\" content=\"District Central\" \/>\n<meta property=\"article:modified_time\" content=\"2023-10-02T14:04:42+00:00\" \/>\n<meta name=\"twitter:card\" content=\"summary_large_image\" \/>\n<script type=\"application\/ld+json\" class=\"yoast-schema-graph\">{\"@context\":\"https:\/\/schema.org\",\"@graph\":[{\"@type\":\"WebPage\",\"@id\":\"https:\/\/district-central.ca\/en\/privacy-policy\/\",\"url\":\"https:\/\/district-central.ca\/en\/privacy-policy\/\",\"name\":\"Privacy policy - District Central\",\"isPartOf\":{\"@id\":\"https:\/\/district-central.ca\/#website\"},\"datePublished\":\"2023-09-29T16:41:12+00:00\",\"dateModified\":\"2023-10-02T14:04:42+00:00\",\"breadcrumb\":{\"@id\":\"https:\/\/district-central.ca\/en\/privacy-policy\/#breadcrumb\"},\"inLanguage\":\"en-US\",\"potentialAction\":[{\"@type\":\"ReadAction\",\"target\":[\"https:\/\/district-central.ca\/en\/privacy-policy\/\"]}]},{\"@type\":\"BreadcrumbList\",\"@id\":\"https:\/\/district-central.ca\/en\/privacy-policy\/#breadcrumb\",\"itemListElement\":[{\"@type\":\"ListItem\",\"position\":1,\"name\":\"Home\",\"item\":\"https:\/\/district-central.ca\/en\/\"},{\"@type\":\"ListItem\",\"position\":2,\"name\":\"Privacy policy\"}]},{\"@type\":\"WebSite\",\"@id\":\"https:\/\/district-central.ca\/#website\",\"url\":\"https:\/\/district-central.ca\/\",\"name\":\"District Central\",\"description\":\"District Central\",\"publisher\":{\"@id\":\"https:\/\/district-central.ca\/#organization\"},\"potentialAction\":[{\"@type\":\"SearchAction\",\"target\":{\"@type\":\"EntryPoint\",\"urlTemplate\":\"https:\/\/district-central.ca\/?s={search_term_string}\"},\"query-input\":\"required name=search_term_string\"}],\"inLanguage\":\"en-US\"},{\"@type\":\"Organization\",\"@id\":\"https:\/\/district-central.ca\/#organization\",\"name\":\"District Central\",\"url\":\"https:\/\/district-central.ca\/\",\"logo\":{\"@type\":\"ImageObject\",\"inLanguage\":\"en-US\",\"@id\":\"https:\/\/district-central.ca\/#\/schema\/logo\/image\/\",\"url\":\"https:\/\/district-central.ca\/wp-content\/uploads\/2019\/04\/ilsontok.jpg\",\"contentUrl\":\"https:\/\/district-central.ca\/wp-content\/uploads\/2019\/04\/ilsontok.jpg\",\"width\":1000,\"height\":1000,\"caption\":\"District Central\"},\"image\":{\"@id\":\"https:\/\/district-central.ca\/#\/schema\/logo\/image\/\"}}]}<\/script>\n<!-- \/ Yoast SEO plugin. -->","yoast_head_json":{"title":"Privacy policy - District Central","robots":{"index":"index","follow":"follow","max-snippet":"max-snippet:-1","max-image-preview":"max-image-preview:large","max-video-preview":"max-video-preview:-1"},"canonical":"https:\/\/district-central.ca\/en\/privacy-policy\/","og_locale":"en_US","og_type":"article","og_title":"Privacy policy - District Central","og_description":"Privacy policy The Soci\u00e9t\u00e9 de D\u00e9veloppement Commercial (SDC) District Central is an organization that values your privacy and the protection of your personal information. This Privacy Policy is designed to inform you of our practices for the collection, use, disclosure, destruction, and retention of personal information. As part of our operations, we collect, use and process personal information for the purpose of providing our services. By providing us with personal&hellip;","og_url":"https:\/\/district-central.ca\/en\/privacy-policy\/","og_site_name":"District Central","article_modified_time":"2023-10-02T14:04:42+00:00","twitter_card":"summary_large_image","schema":{"@context":"https:\/\/schema.org","@graph":[{"@type":"WebPage","@id":"https:\/\/district-central.ca\/en\/privacy-policy\/","url":"https:\/\/district-central.ca\/en\/privacy-policy\/","name":"Privacy policy - District Central","isPartOf":{"@id":"https:\/\/district-central.ca\/#website"},"datePublished":"2023-09-29T16:41:12+00:00","dateModified":"2023-10-02T14:04:42+00:00","breadcrumb":{"@id":"https:\/\/district-central.ca\/en\/privacy-policy\/#breadcrumb"},"inLanguage":"en-US","potentialAction":[{"@type":"ReadAction","target":["https:\/\/district-central.ca\/en\/privacy-policy\/"]}]},{"@type":"BreadcrumbList","@id":"https:\/\/district-central.ca\/en\/privacy-policy\/#breadcrumb","itemListElement":[{"@type":"ListItem","position":1,"name":"Home","item":"https:\/\/district-central.ca\/en\/"},{"@type":"ListItem","position":2,"name":"Privacy policy"}]},{"@type":"WebSite","@id":"https:\/\/district-central.ca\/#website","url":"https:\/\/district-central.ca\/","name":"District Central","description":"District Central","publisher":{"@id":"https:\/\/district-central.ca\/#organization"},"potentialAction":[{"@type":"SearchAction","target":{"@type":"EntryPoint","urlTemplate":"https:\/\/district-central.ca\/?s={search_term_string}"},"query-input":"required name=search_term_string"}],"inLanguage":"en-US"},{"@type":"Organization","@id":"https:\/\/district-central.ca\/#organization","name":"District Central","url":"https:\/\/district-central.ca\/","logo":{"@type":"ImageObject","inLanguage":"en-US","@id":"https:\/\/district-central.ca\/#\/schema\/logo\/image\/","url":"https:\/\/district-central.ca\/wp-content\/uploads\/2019\/04\/ilsontok.jpg","contentUrl":"https:\/\/district-central.ca\/wp-content\/uploads\/2019\/04\/ilsontok.jpg","width":1000,"height":1000,"caption":"District Central"},"image":{"@id":"https:\/\/district-central.ca\/#\/schema\/logo\/image\/"}}]}},"_links":{"self":[{"href":"https:\/\/district-central.ca\/en\/wp-json\/wp\/v2\/pages\/43377"}],"collection":[{"href":"https:\/\/district-central.ca\/en\/wp-json\/wp\/v2\/pages"}],"about":[{"href":"https:\/\/district-central.ca\/en\/wp-json\/wp\/v2\/types\/page"}],"author":[{"embeddable":true,"href":"https:\/\/district-central.ca\/en\/wp-json\/wp\/v2\/users\/9"}],"replies":[{"embeddable":true,"href":"https:\/\/district-central.ca\/en\/wp-json\/wp\/v2\/comments?post=43377"}],"version-history":[{"count":4,"href":"https:\/\/district-central.ca\/en\/wp-json\/wp\/v2\/pages\/43377\/revisions"}],"predecessor-version":[{"id":43386,"href":"https:\/\/district-central.ca\/en\/wp-json\/wp\/v2\/pages\/43377\/revisions\/43386"}],"wp:attachment":[{"href":"https:\/\/district-central.ca\/en\/wp-json\/wp\/v2\/media?parent=43377"}],"curies":[{"name":"wp","href":"https:\/\/api.w.org\/{rel}","templated":true}]}}