{"id":39574,"date":"2023-05-15T14:28:30","date_gmt":"2023-05-15T14:28:30","guid":{"rendered":"https:\/\/district-central.ca\/toolbox-urban-mobility\/guides-and-resources\/"},"modified":"2026-01-08T15:15:59","modified_gmt":"2026-01-08T20:15:59","slug":"guides-and-resources","status":"publish","type":"page","link":"https:\/\/district-central.ca\/en\/toolbox-urban-mobility\/guides-and-resources\/","title":{"rendered":"Guides and Resources"},"content":{"rendered":"\n<h1>\n\t\tGUIDES AND RESOURCES\n\t<\/h1>\n\tBrowse through the sections below to learn more about the different infrastructures<br \/>\nand sustainable mobility services available in the territory. Also, find out how you can<br \/>\ntake action on mobility.\n\t<span><span><a href=\"https:\/\/district-central.ca\/en\/\">Home<\/a><\/span><\/span>\n<h2>\n\t\tChoose your mode of transportation and plan your trips\n\t<\/h2>\n\t<p>Planning is the key to transforming your journeys into sustainable mobility. Mobility Montreal offers you a <a href=\"https:\/\/mobilitymontreal.gouv.qc.ca\/tools\/\" target=\"_blank\" rel=\"noopener\">wide selection of websites and applications<\/a> that will help you choose your mode of transport.<\/p>\n\t\t\t\t<img decoding=\"async\" loading=\"lazy\" src=\"https:\/\/district-central.ca\/wp-content\/uploads\/2023\/05\/Mask-group.jpg\" alt=\"Mask group\" itemprop=\"image\" height=\"319\" width=\"451\" title=\"Mask group\" onerror=\"this.style.display='none'\"  \/>\n<h2>\n\t\tPublic Transportation\n\t<\/h2>\n\t<p>Metro, train, bus&#8230; the District Central is served by several public transit lines.<\/p>\n\t\t\t <p><a href=\"https:\/\/exo.quebec\/en\" target=\"_blank\" rel=\"noopener\">Interactive map of train lines (EXO)<\/a><\/p>\t\t\n\t\t\t <p><a href=\"https:\/\/exo.quebec\/en\/trip-planner\/train\" target=\"_blank\" rel=\"noopener\">Schedule and trip planner (EXO)<\/a><\/p>\t\t\n\t\t\t <p><a href=\"https:\/\/www.stm.info\/sites\/default\/files\/pictures\/reseautrain.pdf\" target=\"_blank\" rel=\"noopener\">PDF map of train lines (EXO)<\/a><\/p>\t\t\n\t\t\t <p><a href=\"https:\/\/www.stm.info\/en\/info\/networks\" target=\"_blank\" rel=\"noopener\">STM metro map (STM)<\/a><\/p>\t\t\n\t\t\t <p><a href=\"https:\/\/rem.info\/en\" target=\"_blank\" rel=\"noopener\">Network map (REM)<\/a><\/p>\t\t\n\t<h2>\n\t\tActive Transportation\n\t<\/h2>\n\t<p>Cycling is now recognized as a viable and complementary mode of active transportation in urban environments. Discover the resources available.<\/p>\n\t\t\t <p><a href=\"https:\/\/portail-m4s.s3.montreal.ca\/pdf\/plan_local_de_deplacements_dahuntsic-cartierville.pdf\" target=\"_blank\" rel=\"noopener\">The development of the Ahuntsic- Cartierville cycling network<\/a><\/p>\t\t\n\t\t\t <p><a href=\"https:\/\/www.velo.qc.ca\/wp-content\/uploads\/2025\/06\/cartemvc-2025-recto.pdf\" target=\"_blank\" rel=\"noopener\">Map of bike paths in Montreal<\/a><\/p>\t\t\n\t\t\t <p><a href=\"https:\/\/bixi.com\" target=\"_blank\" rel=\"noopener\">Montreal bike sharing (BIXI)<\/a><\/p>\t\t\n\t<h2>\n\t\tCarsharing\n\t<\/h2>\n\t<p>Carsharing provides a flexible solution for occasional trips with shared vehicles you can access on demand. Explore the options available.<\/p>\n\t\t\t <p><a href=\"https:\/\/montreal.communauto.com\/\" target=\"_blank\" rel=\"noopener\">Regional carsharing: Communauto Montreal<\/a><\/p>\t\t\n\t\t\t <p><a href=\"https:\/\/locomotion.app\/\" target=\"_blank\" rel=\"noopener\">Local carsharing: Locomotion<\/a><\/p>\t\t\n\t\t\t <p><a href=\"https:\/\/www.netlift.me\/fr\/\" target=\"_blank\" rel=\"noopener\">Carpooling: Netlift<\/a><\/p>\t\t\n\t\t\t <p><a href=\"https:\/\/www.covoiturage.ca\/\" target=\"_blank\" rel=\"noopener\">Carpooling: Covoiturage.ca<\/a><\/p>\t\t\n\t\t\t <p><a href=\"https:\/\/www.amigoexpress.com\/local\" target=\"_blank\" rel=\"noopener\">Amigo Express local<\/a><\/p>\t\t\n\t<h2>\n\t\tCar\n\t<\/h2>\n\t<p>If you&#8217;re traveling by car, check available parking or reserve your spot before you leave to avoid searching needlessly.<\/p>\n\t\t\t <p><a href=\"https:\/\/clicknpark.com\/fr-CA\" target=\"_blank\" rel=\"noopener\">Clicknpark<\/a><\/p>\n\t\t\t <p><a href=\"https:\/\/www.waze.com\/fr\/live-map\/\" target=\"_blank\" rel=\"noopener\">Waze<\/a><\/p>\n\t<h2>\n\t\tSafety and Sharing the Road\n\t<\/h2>\n\t<p>To ensure the safety of all and to optimize your travel experience, several tools are available to you.<\/p>\n\t\t\t <p><a href=\"https:\/\/saaq.gouv.qc.ca\/fileadmin\/documents\/publications\/guide-securite-velo.pdf\" target=\"_blank\" rel=\"noopener\">Safe Cycling Guide (SAAQ)<\/a><\/p>\t\t\n\t\t\t <p><a href=\"https:\/\/www.velo.qc.ca\/boites-a-outils\/securite\/\" target=\"_blank\" rel=\"noopener\">Conseils de s\u00e9curit\u00e9 (V\u00e9lo Qu\u00e9bec)<\/a><\/p>\n\t\t\t <p><a href=\"https:\/\/www.velo.qc.ca\/boite-a-outils\/regles-de-conduite-a-velo\/\" target=\"_blank\" rel=\"noopener\">R\u00e8gles de conduite \u00e0 v\u00e9lo (V\u00e9lo Qu\u00e9bec)<\/a><\/p>\n\t\t\t <p><a href=\"https:\/\/www.caaquebec.com\/fr\/auto\/conseils\/capsules-conseils\/conseil\/show\/sujet\/velo-et-code-de-la-securite-routiere-ce-quil-faut-savoir\" target=\"_blank\" rel=\"noopener\">Cycling and Highway Safety Code (CAA- Qu\u00e9bec)<\/a><\/p>\t\t\n\t<h2>\n\t\tTaking Action for Mobility\n\t<\/h2>\n\t<p>Start your own mobility initiative or take your sustainable actions further with our many tools.<\/p>\n\t\t\t\t<img decoding=\"async\" loading=\"lazy\" src=\"https:\/\/district-central.ca\/wp-content\/uploads\/2023\/05\/Group-20.png\" alt=\"Group 20\" itemprop=\"image\" height=\"319\" width=\"453\" title=\"Group 20\" onerror=\"this.style.display='none'\"  \/>\n<h2>\n\t\tMobility Committee &#8211; SDC District Central\n\t<\/h2>\n\t<p>Accessibility and mobility in the neighbourhood can be experienced differently by different types of users. To reflect these realities, the Committee is composed of business leaders, employees, property owners and mobility experts. Its role: to recommend and support the SDC in the realization of innovative projects.<\/p>\n\t\t\t <p><a href=\"https:\/\/district-central.ca\/en\/working-committees\/mobility\/\" target=\"_blank\" rel=\"noopener\">Discover the Committee and its mandate<\/a><\/p>\t\t\n\t<h2>\n\t\tMobility Guides and Resources\n\t<\/h2>\n\t<p>Want an overview of what you can do to encourage your employees to use sustainable modes of transportation? Follow the links below to take action.<\/p>\n\t\t\t <p><a href=\"https:\/\/mobili-t.com\/wp-content\/uploads\/2024\/09\/Guide_bonnes_pratiques_mobilite_durable.pdf\" target=\"_blank\" rel=\"noopener\">Best Practices Guide for Travel\/Trip Generators (in French)<\/a><\/p>\t\t\n\t<h2>\n\t\tGHG Calculator\n\t<\/h2>\n\t<p>Calculate your greenhouse gas (GHG) emissions with this online tool.<\/p>\n\t\t\t <p><a href=\"https:\/\/www.cgd-metropolitain.com\/outils-mobilite-durable\/calculateur-de-ges\/\" target=\"_blank\" rel=\"noopener\">GHG calculator<\/a><\/p>\t\t\n\t<h2>\n\t\tMOBA Services\n\t<\/h2>\n\t<p>MOBA, a Service of Industrial Excellence, is one of Quebec&#8217;s eight Mobility Expertise Centers (CEM).<\/p>\n<p>MOBA supports organizations of all types and sizes in optimizing travel needs and addressing sustainable mobility challenges.<\/p>\n\t\t\t <p><a href=\"https:\/\/excellence-industrielle.ca\/services\/mobilite-alternative\/\" target=\"_blank\" rel=\"noopener\">To learn more about MOBA (Excellence industrielle)<\/a><\/p>\t\t\n\t<h2>\n\t\tThe Solo-Free Car Challenge\n\t<\/h2>\n\t<p>The Solo-Free Car Challenge is a friendly competition for Quebec businesses and institutions, providing a playful way to engage employees, students, and citizens in sustainable transportation.<\/p>\n\t\t\t <p><a href=\"https:\/\/www.defisansauto.com\/\" target=\"_blank\" rel=\"noopener\">To learn more about D\u00e9fi sans auto solo<\/a><\/p>\t\t\n\t<h2>\n\t\tRegulations\n\t<\/h2>\n\t<p>The <em>R\u00e9glement&#8217;action<\/em> platform of the <em>Conseil r\u00e9gional de l&#8217;environnement de Montr\u00e9al<\/em> (CRE-Montr\u00e9al) provides an overview of municipal regulations. Its goal: to facilitate the reflection and adoption of new regulations by municipalities to support their ecological transition.<\/p>\n\t\t\t <p><a href=\"https:\/\/reglementaction.com\/\" target=\"_blank\" rel=\"noopener\">To learn more about R\u00e9glement&#8217;action<\/a><\/p>\t\t\n\t<h2>\n\t\tCycling Workshops and Courses\n\t<\/h2>\n\t<p>Here are some cycling tips for your bike commute, from in-house maintenance to specialized classes.<\/p>\n\t\t\t <p><a href=\"https:\/\/www.velo.qc.ca\/boite-a-outils\/bornes-de-reparation-et-ateliers-communautaires\/\" target=\"_blank\" rel=\"noopener\">Directory of bike repair stations<\/a><\/p>\t\t\n\t\t\t <p><a href=\"https:\/\/www.cyclochrome.com\/entreprises\/\" target=\"_blank\" rel=\"noopener\">CycloChrome<\/a><\/p>\t\t\n\t\t\t <p><a href=\"https:\/\/moosebicycle.com\/pages\/montreal-shop?srsltid=AfmBOoqH2nHvOpMk1ST2XFjLP-QYYieCohXaUSUcS_xuy-yUJUTraq5n\" target=\"_blank\" rel=\"noopener\">Moose Bicycle<\/a><\/p>\t\t\n\t\t\t <p><a href=\"https:\/\/www.velo.qc.ca\/boites-a-outils\/promotion-et-education\/en-milieu-de-travail\/\" target=\"_blank\" rel=\"noopener\">Commuting (V\u00e9lo Qu\u00e9bec)<\/a><\/p>\t\t\n\t\t\t <p><a href=\"https:\/\/www.velo.qc.ca\/programmes-et-campagnes\/toutes-a-velo\/\" target=\"_blank\" rel=\"noopener\">Bike lessons for women (V\u00e9lo Qu\u00e9bec)<\/a><\/p>\t\t\n\t<h2>\n\t\tPlan and Policies\n\t<\/h2>\n\t<p>Many planning documents provide a framework for sustainable mobility. You will find below the plans for the borough and the Greater Montreal area.<\/p>\n\t\t\t <p><a href=\"https:\/\/montreal.ca\/en\/articles\/2050-land-use-and-mobility-plan-72130\" target=\"_blank\" rel=\"noopener\">2050 Land Use and Mobility Plan<\/a><\/p>\t\t\n\t\t\t <p><a href=\"https:\/\/montreal.ca\/articles\/le-plan-triennal-de-deplacements-2023-2025-dahuntsic-cartierville-53434\" target=\"_blank\" rel=\"noopener\">The Local Transportation Plan (LTP) for the Ahuntsic- Cartierville borough (in French)<\/a><\/p>\t\t\n\t\t\t <p><a href=\"https:\/\/montreal.ca\/articles\/vision-zero-objectif-zero-deces-et-blesse-grave-sur-les-routes-14584\" target=\"_blank\" rel=\"noopener\">Vision Z\u00e9ro Action Plan<\/a><\/p>\t\t\n\t\n","protected":false},"excerpt":{"rendered":"<p>GUIDES AND RESOURCES Browse through the sections below to learn more about the different infrastructures and sustainable mobility services available in the territory. Also, find out how you can take action on mobility. Choose your mode of transportation and plan your trips Planning is the key to transforming your journeys into sustainable mobility. Mobility Montreal offers you a wide selection of websites and applications that will help you choose your&hellip;<\/p>\n","protected":false},"author":9,"featured_media":0,"parent":39568,"menu_order":0,"comment_status":"closed","ping_status":"closed","template":"","meta":{"ub_ctt_via":""},"featured_image_src":null,"acf":[],"yoast_head":"<!-- This site is optimized with the Yoast SEO plugin v19.12 - https:\/\/yoast.com\/wordpress\/plugins\/seo\/ -->\n<title>Guides and Resources - District Central<\/title>\n<meta name=\"description\" content=\"District Central d\u00e9sire humaniser le monde des affaires en cr\u00e9ant des ponts entre les diff\u00e9rentes communaut\u00e9s qui travaillent et r\u00e9sident ici.\" \/>\n<meta name=\"robots\" content=\"index, follow, max-snippet:-1, max-image-preview:large, max-video-preview:-1\" \/>\n<link rel=\"canonical\" href=\"https:\/\/district-central.ca\/en\/toolbox-urban-mobility\/guides-and-resources\/\" \/>\n<meta property=\"og:locale\" content=\"en_US\" \/>\n<meta property=\"og:type\" content=\"article\" \/>\n<meta property=\"og:title\" content=\"Guides and Resources - District Central\" \/>\n<meta property=\"og:description\" content=\"District Central d\u00e9sire humaniser le monde des affaires en cr\u00e9ant des ponts entre les diff\u00e9rentes communaut\u00e9s qui travaillent et r\u00e9sident ici.\" \/>\n<meta property=\"og:url\" content=\"https:\/\/district-central.ca\/en\/toolbox-urban-mobility\/guides-and-resources\/\" \/>\n<meta property=\"og:site_name\" content=\"District Central\" \/>\n<meta property=\"article:modified_time\" content=\"2026-01-08T20:15:59+00:00\" \/>\n<meta property=\"og:image\" content=\"https:\/\/district-central.ca\/wp-content\/uploads\/2023\/05\/Mask-group.jpg\" \/>\n<meta name=\"twitter:card\" content=\"summary_large_image\" \/>\n<script type=\"application\/ld+json\" class=\"yoast-schema-graph\">{\"@context\":\"https:\/\/schema.org\",\"@graph\":[{\"@type\":\"WebPage\",\"@id\":\"https:\/\/district-central.ca\/en\/toolbox-urban-mobility\/guides-and-resources\/\",\"url\":\"https:\/\/district-central.ca\/en\/toolbox-urban-mobility\/guides-and-resources\/\",\"name\":\"Guides and Resources - District Central\",\"isPartOf\":{\"@id\":\"https:\/\/district-central.ca\/#website\"},\"datePublished\":\"2023-05-15T14:28:30+00:00\",\"dateModified\":\"2026-01-08T20:15:59+00:00\",\"description\":\"District Central d\u00e9sire humaniser le monde des affaires en cr\u00e9ant des ponts entre les diff\u00e9rentes communaut\u00e9s qui travaillent et r\u00e9sident ici.\",\"breadcrumb\":{\"@id\":\"https:\/\/district-central.ca\/en\/toolbox-urban-mobility\/guides-and-resources\/#breadcrumb\"},\"inLanguage\":\"en-US\",\"potentialAction\":[{\"@type\":\"ReadAction\",\"target\":[\"https:\/\/district-central.ca\/en\/toolbox-urban-mobility\/guides-and-resources\/\"]}]},{\"@type\":\"BreadcrumbList\",\"@id\":\"https:\/\/district-central.ca\/en\/toolbox-urban-mobility\/guides-and-resources\/#breadcrumb\",\"itemListElement\":[{\"@type\":\"ListItem\",\"position\":1,\"name\":\"Home\",\"item\":\"https:\/\/district-central.ca\/en\/\"},{\"@type\":\"ListItem\",\"position\":2,\"name\":\"Toolbox \u2013 Urban Mobility\",\"item\":\"https:\/\/district-central.ca\/en\/toolbox-urban-mobility\/\"},{\"@type\":\"ListItem\",\"position\":3,\"name\":\"Guides and Resources\"}]},{\"@type\":\"WebSite\",\"@id\":\"https:\/\/district-central.ca\/#website\",\"url\":\"https:\/\/district-central.ca\/\",\"name\":\"District Central\",\"description\":\"District Central\",\"publisher\":{\"@id\":\"https:\/\/district-central.ca\/#organization\"},\"potentialAction\":[{\"@type\":\"SearchAction\",\"target\":{\"@type\":\"EntryPoint\",\"urlTemplate\":\"https:\/\/district-central.ca\/?s={search_term_string}\"},\"query-input\":\"required name=search_term_string\"}],\"inLanguage\":\"en-US\"},{\"@type\":\"Organization\",\"@id\":\"https:\/\/district-central.ca\/#organization\",\"name\":\"District Central\",\"url\":\"https:\/\/district-central.ca\/\",\"logo\":{\"@type\":\"ImageObject\",\"inLanguage\":\"en-US\",\"@id\":\"https:\/\/district-central.ca\/#\/schema\/logo\/image\/\",\"url\":\"https:\/\/district-central.ca\/wp-content\/uploads\/2019\/04\/ilsontok.jpg\",\"contentUrl\":\"https:\/\/district-central.ca\/wp-content\/uploads\/2019\/04\/ilsontok.jpg\",\"width\":1000,\"height\":1000,\"caption\":\"District Central\"},\"image\":{\"@id\":\"https:\/\/district-central.ca\/#\/schema\/logo\/image\/\"}}]}<\/script>\n<!-- \/ Yoast SEO plugin. -->","yoast_head_json":{"title":"Guides and Resources - District Central","description":"District Central d\u00e9sire humaniser le monde des affaires en cr\u00e9ant des ponts entre les diff\u00e9rentes communaut\u00e9s qui travaillent et r\u00e9sident ici.","robots":{"index":"index","follow":"follow","max-snippet":"max-snippet:-1","max-image-preview":"max-image-preview:large","max-video-preview":"max-video-preview:-1"},"canonical":"https:\/\/district-central.ca\/en\/toolbox-urban-mobility\/guides-and-resources\/","og_locale":"en_US","og_type":"article","og_title":"Guides and Resources - District Central","og_description":"District Central d\u00e9sire humaniser le monde des affaires en cr\u00e9ant des ponts entre les diff\u00e9rentes communaut\u00e9s qui travaillent et r\u00e9sident ici.","og_url":"https:\/\/district-central.ca\/en\/toolbox-urban-mobility\/guides-and-resources\/","og_site_name":"District Central","article_modified_time":"2026-01-08T20:15:59+00:00","og_image":[{"url":"https:\/\/district-central.ca\/wp-content\/uploads\/2023\/05\/Mask-group.jpg"}],"twitter_card":"summary_large_image","schema":{"@context":"https:\/\/schema.org","@graph":[{"@type":"WebPage","@id":"https:\/\/district-central.ca\/en\/toolbox-urban-mobility\/guides-and-resources\/","url":"https:\/\/district-central.ca\/en\/toolbox-urban-mobility\/guides-and-resources\/","name":"Guides and Resources - District Central","isPartOf":{"@id":"https:\/\/district-central.ca\/#website"},"datePublished":"2023-05-15T14:28:30+00:00","dateModified":"2026-01-08T20:15:59+00:00","description":"District Central d\u00e9sire humaniser le monde des affaires en cr\u00e9ant des ponts entre les diff\u00e9rentes communaut\u00e9s qui travaillent et r\u00e9sident ici.","breadcrumb":{"@id":"https:\/\/district-central.ca\/en\/toolbox-urban-mobility\/guides-and-resources\/#breadcrumb"},"inLanguage":"en-US","potentialAction":[{"@type":"ReadAction","target":["https:\/\/district-central.ca\/en\/toolbox-urban-mobility\/guides-and-resources\/"]}]},{"@type":"BreadcrumbList","@id":"https:\/\/district-central.ca\/en\/toolbox-urban-mobility\/guides-and-resources\/#breadcrumb","itemListElement":[{"@type":"ListItem","position":1,"name":"Home","item":"https:\/\/district-central.ca\/en\/"},{"@type":"ListItem","position":2,"name":"Toolbox \u2013 Urban Mobility","item":"https:\/\/district-central.ca\/en\/toolbox-urban-mobility\/"},{"@type":"ListItem","position":3,"name":"Guides and Resources"}]},{"@type":"WebSite","@id":"https:\/\/district-central.ca\/#website","url":"https:\/\/district-central.ca\/","name":"District Central","description":"District Central","publisher":{"@id":"https:\/\/district-central.ca\/#organization"},"potentialAction":[{"@type":"SearchAction","target":{"@type":"EntryPoint","urlTemplate":"https:\/\/district-central.ca\/?s={search_term_string}"},"query-input":"required name=search_term_string"}],"inLanguage":"en-US"},{"@type":"Organization","@id":"https:\/\/district-central.ca\/#organization","name":"District Central","url":"https:\/\/district-central.ca\/","logo":{"@type":"ImageObject","inLanguage":"en-US","@id":"https:\/\/district-central.ca\/#\/schema\/logo\/image\/","url":"https:\/\/district-central.ca\/wp-content\/uploads\/2019\/04\/ilsontok.jpg","contentUrl":"https:\/\/district-central.ca\/wp-content\/uploads\/2019\/04\/ilsontok.jpg","width":1000,"height":1000,"caption":"District Central"},"image":{"@id":"https:\/\/district-central.ca\/#\/schema\/logo\/image\/"}}]}},"_links":{"self":[{"href":"https:\/\/district-central.ca\/en\/wp-json\/wp\/v2\/pages\/39574"}],"collection":[{"href":"https:\/\/district-central.ca\/en\/wp-json\/wp\/v2\/pages"}],"about":[{"href":"https:\/\/district-central.ca\/en\/wp-json\/wp\/v2\/types\/page"}],"author":[{"embeddable":true,"href":"https:\/\/district-central.ca\/en\/wp-json\/wp\/v2\/users\/9"}],"replies":[{"embeddable":true,"href":"https:\/\/district-central.ca\/en\/wp-json\/wp\/v2\/comments?post=39574"}],"version-history":[{"count":5,"href":"https:\/\/district-central.ca\/en\/wp-json\/wp\/v2\/pages\/39574\/revisions"}],"predecessor-version":[{"id":54464,"href":"https:\/\/district-central.ca\/en\/wp-json\/wp\/v2\/pages\/39574\/revisions\/54464"}],"up":[{"embeddable":true,"href":"https:\/\/district-central.ca\/en\/wp-json\/wp\/v2\/pages\/39568"}],"wp:attachment":[{"href":"https:\/\/district-central.ca\/en\/wp-json\/wp\/v2\/media?parent=39574"}],"curies":[{"name":"wp","href":"https:\/\/api.w.org\/{rel}","templated":true}]}}