{"id":10209,"date":"2018-11-07T07:57:52","date_gmt":"2018-11-07T07:57:52","guid":{"rendered":"https:\/\/district-central.ca\/a-propos\/"},"modified":"2026-03-20T11:19:02","modified_gmt":"2026-03-20T15:19:02","slug":"a-propos","status":"publish","type":"page","link":"https:\/\/district-central.ca\/en\/a-propos\/","title":{"rendered":"About the SDC"},"content":{"rendered":"\r\n<p><img decoding=\"async\" src=\"https:\/\/district-central.ca\/wp-content\/uploads\/2018\/11\/A-propos-Banner-.jpg\" alt=\"\" \/><\/p>\r\n<h2>Montreal&#8217;s new hub for economic development<\/h2>\r\n<p>is right here<\/p>\r\n<p>The Soci\u00e9t\u00e9 de d\u00e9veloppement commercial (SDC) District Central is committed to humanizing the local business world by building bridges between the various communities that work and live here.<\/p>\r\n<p>AREA OF OVER 25,000,000 SQUARE FEET CLOSE TO 2,100 BUSINESSES OVER 3,100 OFFICES 4 4th EMPLOYMENT ZONE IN MONTR\u00c9AL <img decoding=\"async\" loading=\"lazy\" title=\"image01\" src=\"https:\/\/district-central.ca\/wp-content\/uploads\/2018\/11\/image01.jpg\" alt=\"image01\" width=\"491\" height=\"491\" \/><\/p>\r\n<p>The SDC District Central is the catalyst and the voice for the Ahuntsic-Cartierville business world. It represents the combined forces of 2,500 business leaders united to develop a sector with outstanding economic, urban and human potential.<\/p>\r\n<p><img decoding=\"async\" loading=\"lazy\" title=\"image02\" src=\"https:\/\/district-central.ca\/wp-content\/uploads\/2018\/11\/image02.jpg\" alt=\"image02\" width=\"492\" height=\"491\" \/><\/p>\r\n<p>The development strategy for the District Central is born of a united vision, one shared by business leaders, elected officials and civil servants from within the borough. Its mission is clear: breathe new life into this legendary quarter, make it shine on a broader stage and propel it to very top of Montr\u00e9al&#8217;s economic landscape.<\/p>\r\n<h2>4 committees<\/h2>\r\n<p><img decoding=\"async\" loading=\"lazy\" title=\"Image 01\" src=\"https:\/\/district-central.ca\/wp-content\/uploads\/2018\/11\/Image-01.jpg\" alt=\"Image 01\" width=\"367\" height=\"367\" \/><\/p>\r\n<p>MOBILITY COMMITTEE<\/p>\r\n<p><img decoding=\"async\" loading=\"lazy\" title=\"DC_Fac\u0327ade_rondnoir\" src=\"https:\/\/district-central.ca\/wp-content\/uploads\/2024\/05\/DC_Facade_rondnoir.jpg\" alt=\"DC_Fac\u0327ade_rondnoir\" width=\"1470\" height=\"1471\" \/><\/p>\r\n<p>SDC GOVERNANCE COMMITTEE<\/p>\r\n<p><img decoding=\"async\" loading=\"lazy\" title=\"Image 03\" src=\"https:\/\/district-central.ca\/wp-content\/uploads\/2018\/11\/Image-03.jpg\" alt=\"Image 03\" width=\"367\" height=\"367\" \/><\/p>\r\n<p>URBAN PLANNING COMMITTEE<\/p>\r\n<p><img decoding=\"async\" loading=\"lazy\" title=\"555-Chabanel-square-1024x1024 black and white\" src=\"https:\/\/district-central.ca\/wp-content\/uploads\/2024\/05\/555-Chabanel-square-1024x1024-black-and-white.jpg\" alt=\"555-Chabanel-square-1024x1024 black and white\" width=\"1024\" height=\"1024\" \/><\/p>\r\n<p>BUILDERS&#8217; COMMITTEE<\/p>\r\n<p><a href=\"https:\/\/district-central.ca\/en\/working-committees\/\" target=\"_blank\" rel=\"noopener\">To learn more about our committees &gt;&gt;<\/a><\/p>\r\n<p>The SDC has founded the development of the District Central on four fundamental pillars:<\/p>\r\n<p><strong>create<\/strong><\/p>\r\n<p>a lasting connection with the Ahuntsic-Cartierville business community.<\/p>\r\n<p><strong>develop<\/strong><\/p>\r\n<p>meaningful and prosperous projects for its members.<\/p>\r\n<p><strong>ensure<\/strong><\/p>\r\n<p>exceptional and memorable business spaces to increase the quality of life for workers within the District.<\/p>\r\n<p><strong>communicate<\/strong><\/p>\r\n<p>to ensure the District shines and takes its rightful place in every market.<\/p>\r\n<h2>THERE&#8217;S A TEAM DEDICATED TO THE COMMUNITY RIGHT HERE.<\/h2>\r\n<h3>The Board of Directors<\/h3>\r\n<p><img decoding=\"async\" loading=\"lazy\" title=\"GabrielTupula_7090_JLecompte carr\u00e9 pour web\" src=\"https:\/\/district-central.ca\/wp-content\/uploads\/2025\/01\/GabrielTupula_7090_JLecompte-carre-pour-web-300x300.jpg\" alt=\"GabrielTupula_7090_JLecompte carr\u00e9 pour web\" width=\"300\" height=\"300\" \/><\/p>\r\n<p><strong>GABRIEL TUPULA<\/strong><\/p>\r\n<p>President<\/p>\r\n<p>Big Bang<\/p>\r\n<p><img decoding=\"async\" loading=\"lazy\" title=\"PhilippeGagnon_7027_JLecompte carr\u00e9 pour web\" src=\"https:\/\/district-central.ca\/wp-content\/uploads\/2025\/01\/PhilippeGagnon_7027_JLecompte-carre-pour-web-300x300.jpg\" alt=\"PhilippeGagnon_7027_JLecompte carr\u00e9 pour web\" width=\"300\" height=\"300\" \/><\/p>\r\n<p><strong>PHILIPPE GAGNON<\/strong><\/p>\r\n<p>Vice-President<\/p>\r\n<p>Attraction Inc.<\/p>\r\n<p><img decoding=\"async\" loading=\"lazy\" title=\"LaetitiaBedout_7188_JLecompte carr\u00e9 pour web\" src=\"https:\/\/district-central.ca\/wp-content\/uploads\/2025\/05\/LaetitiaBedout_7188_JLecompte-carre-pour-web-300x300.jpg\" alt=\"LaetitiaBedout_7188_JLecompte carr\u00e9 pour web\" width=\"300\" height=\"300\" \/><\/p>\r\n<p><strong>LAETITIA BEDOUT<\/strong><\/p>\r\n<p>Treasurer<\/p>\r\n<p>Business Coach<\/p>\r\n<p><img decoding=\"async\" loading=\"lazy\" title=\"DeliaDeGasperis_7092_V3_carr\u00e9 pour web\" src=\"https:\/\/district-central.ca\/wp-content\/uploads\/2025\/05\/DeliaDeGasperis_7092_V3_carre-pour-web-300x300.jpg\" alt=\"DeliaDeGasperis_7092_V3_carr\u00e9 pour web\" width=\"300\" height=\"300\" \/><\/p>\r\n<p><b>DELIA DE GASPERIS<\/b><\/p>\r\n<p>Administrator<\/p>\r\n<p>CGS Qu\u00e9bec Inc.<\/p>\r\n<p><img decoding=\"async\" loading=\"lazy\" title=\"Photo Officiel_Victor Esposito_Profil 1 modif carr\u00e9e pour web\" src=\"https:\/\/district-central.ca\/wp-content\/uploads\/2025\/12\/Photo-Officiel_Victor-Esposito_Profil-1-modif-carree-pour-web-300x300.jpg\" alt=\"Photo Officiel_Victor Esposito_Profil 1 modif carr\u00e9e pour web\" width=\"300\" height=\"300\" \/><\/p>\r\n<p><strong>VICTOR ESPOSITO<\/strong><\/p>\r\n<p>City Councillor, Saint-Sulpice<\/p>\r\n<p>Ahuntsic-Cartierville<\/p>\r\n<p><img decoding=\"async\" loading=\"lazy\" title=\"Carolyn Kelly Dorais pour web\" src=\"https:\/\/district-central.ca\/wp-content\/uploads\/2026\/03\/Carolyn-Kelly-Dorais-pour-web-300x300.jpg\" alt=\"Carolyn Kelly Dorais pour web\" width=\"300\" height=\"300\" \/><\/p>\r\n<p><strong>CAROLYN KELLY DORAIS<\/strong><\/p>\r\n<p>Administrator<\/p>\r\n<p>Zarat\u00e9 Lavigne Architectes<\/p>\r\n<p><img decoding=\"async\" loading=\"lazy\" title=\"EugenieLevis_7163_JLecompte carr\u00e9 pour web\" src=\"https:\/\/district-central.ca\/wp-content\/uploads\/2025\/01\/EugenieLevis_7163_JLecompte-carre-pour-web-300x300.jpg\" alt=\"EugenieLevis_7163_JLecompte carr\u00e9 pour web\" width=\"300\" height=\"300\" \/><\/p>\r\n<p><strong>EUG\u00c9NIE L\u00c9VIS<\/strong><\/p>\r\n<p>Administrator<\/p>\r\n<p>Matelas S\u00e9l\u00e9ction<\/p>\r\n<p><img decoding=\"async\" loading=\"lazy\" title=\"IsabellePre\u2560\u00fcvost_7151_JLecomptecarr\u00e9 pour web\" src=\"https:\/\/district-central.ca\/wp-content\/uploads\/2025\/05\/IsabellePre\u2560uvost_7151_JLecomptecarre-pour-web-300x300.jpg\" alt=\"IsabellePre\u2560\u00fcvost_7151_JLecomptecarr\u00e9 pour web\" width=\"300\" height=\"300\" \/><\/p>\r\n<p><strong>ISABELLE PR\u00c9VOST<\/strong><\/p>\r\n<p>Administrator<\/p>\r\n<p>Louvia Uniformes<\/p>\r\n<p><img decoding=\"async\" loading=\"lazy\" title=\"HowardSzalavetz_7062_JLecompte carr\u00e9 pour web\" src=\"https:\/\/district-central.ca\/wp-content\/uploads\/2025\/01\/HowardSzalavetz_7062_JLecompte-carre-pour-web-300x300.jpg\" alt=\"HowardSzalavetz_7062_JLecompte carr\u00e9 pour web\" width=\"300\" height=\"300\" \/><\/p>\r\n<p><strong>HOWARD SZALAVETZ<\/strong><\/p>\r\n<p>Administrator<\/p>\r\n<p>H.S. Properties<\/p>\r\n<h3>The Team<\/h3>\r\n<p><img decoding=\"async\" loading=\"lazy\" title=\"HeleneVeilleux_6969_JLecompte carr\u00e9 pour web\" src=\"https:\/\/district-central.ca\/wp-content\/uploads\/2025\/01\/HeleneVeilleux_6969_JLecompte-carre-pour-web.jpg\" alt=\"HeleneVeilleux_6969_JLecompte carr\u00e9 pour web\" width=\"1500\" height=\"1500\" \/><\/p>\r\n<p><strong>H\u00c9L\u00c8NE VEILLEUX<\/strong><\/p>\r\n<p>Executive Director<\/p>\r\n<p><img decoding=\"async\" loading=\"lazy\" title=\"GenevieveDufour_6955_JLecompte carr\u00e9 pour web\" src=\"https:\/\/district-central.ca\/wp-content\/uploads\/2025\/01\/GenevieveDufour_6955_JLecompte-carre-pour-web.jpg\" alt=\"GenevieveDufour_6955_JLecompte carr\u00e9 pour web\" width=\"1500\" height=\"1500\" \/><\/p>\r\n<p><strong>GENEVI\u00c8VE DUFOUR<\/strong><\/p>\r\n<p>Associate Executive Director<\/p>\r\n<p><img decoding=\"async\" loading=\"lazy\" title=\"St\u00e9phanie Dec 2021 carr\u00e9 pour web\" src=\"https:\/\/district-central.ca\/wp-content\/uploads\/2022\/01\/Stephanie-Dec-2021-carre-pour-web.jpg\" alt=\"St\u00e9phanie Dec 2021 carr\u00e9 pour web\" width=\"462\" height=\"462\" \/><\/p>\r\n<p><strong>ST\u00c9PHANIE RAULT<\/strong><\/p>\r\n<p>Communication, Marketing<br \/>&amp; Events Manager <img decoding=\"async\" loading=\"lazy\" title=\"Marc-AndreCarignan_6772_JLecompte carr\u00e9 pour web\" src=\"https:\/\/district-central.ca\/wp-content\/uploads\/2025\/01\/Marc-AndreCarignan_6772_JLecompte-carre-pour-web.jpg\" alt=\"Marc-AndreCarignan_6772_JLecompte carr\u00e9 pour web\" width=\"1500\" height=\"1500\" \/><\/p>\r\n<p><strong>MARC-ANDR\u00c9 CARIGNAN<\/strong><\/p>\r\n<p>Project Lead &#8211; Signature Territory Planning<\/p>\r\n<p><img decoding=\"async\" loading=\"lazy\" title=\"MyriamDJutras_0043_JLecompte carr\u00e9 pour web\" src=\"https:\/\/district-central.ca\/wp-content\/uploads\/2025\/04\/MyriamDJutras_0043_JLecompte-carre-pour-web.jpg\" alt=\"MyriamDJutras_0043_JLecompte carr\u00e9 pour web\" width=\"1500\" height=\"1500\" \/><\/p>\r\n<p><strong>MYRIAM D. JUTRAS<\/strong><\/p>\r\n<p>Project Manager, Connector of Opportunities<\/p>\r\n<p><img decoding=\"async\" loading=\"lazy\" title=\"MarieFranceRichard_6682_JLecompte carr\u00e9 pour web\" src=\"https:\/\/district-central.ca\/wp-content\/uploads\/2025\/01\/MarieFranceRichard_6682_JLecompte-carre-pour-web.jpg\" alt=\"MarieFranceRichard_6682_JLecompte carr\u00e9 pour web\" width=\"1500\" height=\"1500\" \/><\/p>\r\n<p><strong>MARIE-FRANCE RICHARD<\/strong><\/p>\r\n<p>Project Manager Communication, Marketing &amp; Events<\/p>\r\n<p><img decoding=\"async\" loading=\"lazy\" title=\"ZinebHicham_0099_JLecompteWeb carr\u00e9e\" src=\"https:\/\/district-central.ca\/wp-content\/uploads\/2025\/12\/ZinebHicham_0099_JLecompteWeb-carree.jpg\" alt=\"ZinebHicham_0099_JLecompteWeb carr\u00e9e\" width=\"360\" height=\"360\" \/><\/p>\r\n<p><strong>ZINEB HICHAM<\/strong><\/p>\r\n<p>Administrative and Member Relations Specialist<br \/><img decoding=\"async\" loading=\"lazy\" title=\"ElenaDiStefano_6878_JLecomptecarr\u00e9 pour web1\" src=\"https:\/\/district-central.ca\/wp-content\/uploads\/2025\/01\/ElenaDiStefano_6878_JLecomptecarre-pour-web1.jpg\" alt=\"ElenaDiStefano_6878_JLecomptecarr\u00e9 pour web1\" width=\"1500\" height=\"1500\" \/><\/p>\r\n<p><strong>ELENA DI STEFANO<\/strong><\/p>\r\n<p>Relationship Marketing and Business Intelligence Coordinator<br \/><img decoding=\"async\" src=\"https:\/\/district-central.ca\/wp-content\/plugins\/bb-plugin\/img\/pixel.png\" alt=\"\" \/> <img decoding=\"async\" src=\"https:\/\/district-central.ca\/wp-content\/plugins\/bb-plugin\/img\/pixel.png\" alt=\"\" \/> <img decoding=\"async\" src=\"https:\/\/district-central.ca\/wp-content\/plugins\/bb-plugin\/img\/pixel.png\" alt=\"\" \/><\/p>\r\n","protected":false},"excerpt":{"rendered":"<p>Montreal&#8217;s new hub for economic development is right here The Soci\u00e9t\u00e9 de d\u00e9veloppement commercial (SDC) District Central is committed to humanizing the local business world by building bridges between the various communities that work and live here. AREA OF OVER 25,000,000 SQUARE FEET CLOSE TO 2,100 BUSINESSES OVER 3,100 OFFICES 4 4th EMPLOYMENT ZONE IN MONTR\u00c9AL The SDC District Central is the catalyst and the voice for the Ahuntsic-Cartierville business&hellip;<\/p>\n","protected":false},"author":10,"featured_media":0,"parent":0,"menu_order":0,"comment_status":"closed","ping_status":"closed","template":"","meta":{"ub_ctt_via":""},"featured_image_src":null,"acf":[],"yoast_head":"<!-- This site is optimized with the Yoast SEO plugin v19.12 - https:\/\/yoast.com\/wordpress\/plugins\/seo\/ -->\n<title>About the SDC - District Central<\/title>\n<meta name=\"description\" content=\"District Central is committed to humanizing the local business world by building bridges between the various communities that work and live here.\" \/>\n<meta name=\"robots\" content=\"index, follow, max-snippet:-1, max-image-preview:large, max-video-preview:-1\" \/>\n<link rel=\"canonical\" href=\"https:\/\/district-central.ca\/en\/a-propos\/\" \/>\n<meta property=\"og:locale\" content=\"en_US\" \/>\n<meta property=\"og:type\" content=\"article\" \/>\n<meta property=\"og:title\" content=\"About the SDC - District Central\" \/>\n<meta property=\"og:description\" content=\"District Central is committed to humanizing the local business world by building bridges between the various communities that work and live here.\" \/>\n<meta property=\"og:url\" content=\"https:\/\/district-central.ca\/en\/a-propos\/\" \/>\n<meta property=\"og:site_name\" content=\"District Central\" \/>\n<meta property=\"article:modified_time\" content=\"2026-03-20T15:19:02+00:00\" \/>\n<meta property=\"og:image\" content=\"https:\/\/district-central.ca\/wp-content\/uploads\/2018\/11\/A-propos-Banner-.jpg\" \/>\n<meta name=\"twitter:card\" content=\"summary_large_image\" \/>\n<script type=\"application\/ld+json\" class=\"yoast-schema-graph\">{\"@context\":\"https:\/\/schema.org\",\"@graph\":[{\"@type\":\"WebPage\",\"@id\":\"https:\/\/district-central.ca\/en\/a-propos\/\",\"url\":\"https:\/\/district-central.ca\/en\/a-propos\/\",\"name\":\"About the SDC - District Central\",\"isPartOf\":{\"@id\":\"https:\/\/district-central.ca\/#website\"},\"datePublished\":\"2018-11-07T07:57:52+00:00\",\"dateModified\":\"2026-03-20T15:19:02+00:00\",\"description\":\"District Central is committed to humanizing the local business world by building bridges between the various communities that work and live here.\",\"breadcrumb\":{\"@id\":\"https:\/\/district-central.ca\/en\/a-propos\/#breadcrumb\"},\"inLanguage\":\"en-US\",\"potentialAction\":[{\"@type\":\"ReadAction\",\"target\":[\"https:\/\/district-central.ca\/en\/a-propos\/\"]}]},{\"@type\":\"BreadcrumbList\",\"@id\":\"https:\/\/district-central.ca\/en\/a-propos\/#breadcrumb\",\"itemListElement\":[{\"@type\":\"ListItem\",\"position\":1,\"name\":\"Home\",\"item\":\"https:\/\/district-central.ca\/en\/\"},{\"@type\":\"ListItem\",\"position\":2,\"name\":\"About the SDC\"}]},{\"@type\":\"WebSite\",\"@id\":\"https:\/\/district-central.ca\/#website\",\"url\":\"https:\/\/district-central.ca\/\",\"name\":\"District Central\",\"description\":\"District Central\",\"publisher\":{\"@id\":\"https:\/\/district-central.ca\/#organization\"},\"potentialAction\":[{\"@type\":\"SearchAction\",\"target\":{\"@type\":\"EntryPoint\",\"urlTemplate\":\"https:\/\/district-central.ca\/?s={search_term_string}\"},\"query-input\":\"required name=search_term_string\"}],\"inLanguage\":\"en-US\"},{\"@type\":\"Organization\",\"@id\":\"https:\/\/district-central.ca\/#organization\",\"name\":\"District Central\",\"url\":\"https:\/\/district-central.ca\/\",\"logo\":{\"@type\":\"ImageObject\",\"inLanguage\":\"en-US\",\"@id\":\"https:\/\/district-central.ca\/#\/schema\/logo\/image\/\",\"url\":\"https:\/\/district-central.ca\/wp-content\/uploads\/2019\/04\/ilsontok.jpg\",\"contentUrl\":\"https:\/\/district-central.ca\/wp-content\/uploads\/2019\/04\/ilsontok.jpg\",\"width\":1000,\"height\":1000,\"caption\":\"District Central\"},\"image\":{\"@id\":\"https:\/\/district-central.ca\/#\/schema\/logo\/image\/\"}}]}<\/script>\n<!-- \/ Yoast SEO plugin. -->","yoast_head_json":{"title":"About the SDC - District Central","description":"District Central is committed to humanizing the local business world by building bridges between the various communities that work and live here.","robots":{"index":"index","follow":"follow","max-snippet":"max-snippet:-1","max-image-preview":"max-image-preview:large","max-video-preview":"max-video-preview:-1"},"canonical":"https:\/\/district-central.ca\/en\/a-propos\/","og_locale":"en_US","og_type":"article","og_title":"About the SDC - District Central","og_description":"District Central is committed to humanizing the local business world by building bridges between the various communities that work and live here.","og_url":"https:\/\/district-central.ca\/en\/a-propos\/","og_site_name":"District Central","article_modified_time":"2026-03-20T15:19:02+00:00","og_image":[{"url":"https:\/\/district-central.ca\/wp-content\/uploads\/2018\/11\/A-propos-Banner-.jpg"}],"twitter_card":"summary_large_image","schema":{"@context":"https:\/\/schema.org","@graph":[{"@type":"WebPage","@id":"https:\/\/district-central.ca\/en\/a-propos\/","url":"https:\/\/district-central.ca\/en\/a-propos\/","name":"About the SDC - District Central","isPartOf":{"@id":"https:\/\/district-central.ca\/#website"},"datePublished":"2018-11-07T07:57:52+00:00","dateModified":"2026-03-20T15:19:02+00:00","description":"District Central is committed to humanizing the local business world by building bridges between the various communities that work and live here.","breadcrumb":{"@id":"https:\/\/district-central.ca\/en\/a-propos\/#breadcrumb"},"inLanguage":"en-US","potentialAction":[{"@type":"ReadAction","target":["https:\/\/district-central.ca\/en\/a-propos\/"]}]},{"@type":"BreadcrumbList","@id":"https:\/\/district-central.ca\/en\/a-propos\/#breadcrumb","itemListElement":[{"@type":"ListItem","position":1,"name":"Home","item":"https:\/\/district-central.ca\/en\/"},{"@type":"ListItem","position":2,"name":"About the SDC"}]},{"@type":"WebSite","@id":"https:\/\/district-central.ca\/#website","url":"https:\/\/district-central.ca\/","name":"District Central","description":"District Central","publisher":{"@id":"https:\/\/district-central.ca\/#organization"},"potentialAction":[{"@type":"SearchAction","target":{"@type":"EntryPoint","urlTemplate":"https:\/\/district-central.ca\/?s={search_term_string}"},"query-input":"required name=search_term_string"}],"inLanguage":"en-US"},{"@type":"Organization","@id":"https:\/\/district-central.ca\/#organization","name":"District Central","url":"https:\/\/district-central.ca\/","logo":{"@type":"ImageObject","inLanguage":"en-US","@id":"https:\/\/district-central.ca\/#\/schema\/logo\/image\/","url":"https:\/\/district-central.ca\/wp-content\/uploads\/2019\/04\/ilsontok.jpg","contentUrl":"https:\/\/district-central.ca\/wp-content\/uploads\/2019\/04\/ilsontok.jpg","width":1000,"height":1000,"caption":"District Central"},"image":{"@id":"https:\/\/district-central.ca\/#\/schema\/logo\/image\/"}}]}},"_links":{"self":[{"href":"https:\/\/district-central.ca\/en\/wp-json\/wp\/v2\/pages\/10209"}],"collection":[{"href":"https:\/\/district-central.ca\/en\/wp-json\/wp\/v2\/pages"}],"about":[{"href":"https:\/\/district-central.ca\/en\/wp-json\/wp\/v2\/types\/page"}],"author":[{"embeddable":true,"href":"https:\/\/district-central.ca\/en\/wp-json\/wp\/v2\/users\/10"}],"replies":[{"embeddable":true,"href":"https:\/\/district-central.ca\/en\/wp-json\/wp\/v2\/comments?post=10209"}],"version-history":[{"count":75,"href":"https:\/\/district-central.ca\/en\/wp-json\/wp\/v2\/pages\/10209\/revisions"}],"predecessor-version":[{"id":50197,"href":"https:\/\/district-central.ca\/en\/wp-json\/wp\/v2\/pages\/10209\/revisions\/50197"}],"wp:attachment":[{"href":"https:\/\/district-central.ca\/en\/wp-json\/wp\/v2\/media?parent=10209"}],"curies":[{"name":"wp","href":"https:\/\/api.w.org\/{rel}","templated":true}]}}